{"id":580,"date":"2020-06-23T17:07:53","date_gmt":"2020-06-23T17:07:53","guid":{"rendered":"http:\/\/www.simmobilyaaksesuar.com\/?page_id=580"},"modified":"2020-07-02T19:04:01","modified_gmt":"2020-07-02T19:04:01","slug":"hakkimizda","status":"publish","type":"page","link":"http:\/\/www.simmobilyaaksesuar.com\/index.php\/hakkimizda\/","title":{"rendered":"Hakk\u0131m\u0131zda"},"content":{"rendered":"<p>[vc_row][vc_column][vc_empty_space][vc_heading title=&#8221;Hakk\u0131m\u0131zda&#8221;][\/vc_heading][\/vc_column][\/vc_row][vc_row full_width=&#8221;stretch_row&#8221; parallax=&#8221;content-moving-fade&#8221; parallax_image=&#8221;55&#8243; parallax_speed_bg=&#8221;1,5&#8243; css_animation=&#8221;fadeInDown&#8221;][vc_column][vc_heading]<\/p>\n<h1><span style=\"color: #661313;\"><strong>M\u0130SYONUMUZ VE V\u0130ZYONUMUZ<\/strong><\/span><\/h1>\n<p><span style=\"font-size: 14pt; font-family: verdana, geneva, sans-serif;\"><span style=\"color: #808080;\">1994&#8217;ten beri y\u0131llar\u0131 a\u015fan deneyimimizle Sim Mobilya olarak; <\/span><span style=\"color: #808080;\">sekt\u00f6rde m\u00fc\u015fterilerine, \u00e7al\u0131\u015fanlar\u0131na ve topluma <\/span><span style=\"color: #808080;\">kar\u015f\u0131 duydu\u011fu sorumluluk bilinciyle ve s\u00fcrekli <\/span><span style=\"color: #808080;\">artan tecr\u00fcbesi ile kalite ve g\u00fcvenden taviz <\/span><span style=\"color: #808080;\">vermeden \u00e7\u0131km\u0131\u015f oldu\u011fu bu yolda, m\u00fc\u015fteri <\/span><span style=\"color: #808080;\">memnuniyetini \u00f6n planda tutan anlay\u0131\u015f\u0131 ile bu <\/span><span style=\"color: #808080;\">g\u00fcnlere kadar gelmi\u015f olman\u0131n sevinci i\u00e7erisindedir.<\/span><\/span><\/p>\n<p><span style=\"font-size: 14pt; font-family: verdana, geneva, sans-serif;\"><span style=\"color: #808080;\">Sim Mobilya misyonu olarak kabul etti\u011fi kalite, <\/span><span style=\"color: #808080;\">g\u00fcven ve m\u00fc\u015fteri memnuniyeti ilkesi ile her zaman <\/span><span style=\"color: #808080;\">sat\u0131\u015f sonras\u0131nda da \u00fcr\u00fcn\u00fcn arkas\u0131nda olup <\/span><span style=\"color: #808080;\">m\u00fc\u015fterisinin memnuniyetini her zaman \u00f6n planda <\/span><span style=\"color: #808080;\">tutmu\u015ftur.<\/span><\/span>[\/vc_heading][\/vc_column][\/vc_row]<\/p>\n","protected":false},"excerpt":{"rendered":"<p>[vc_row][vc_column][vc_empty_space][vc_heading title=&#8221;Hakk\u0131m\u0131zda&#8221;][\/vc_heading][\/vc_column][\/vc_row][vc_row full_width=&#8221;stretch_row&#8221; parallax=&#8221;content-moving-fade&#8221; parallax_image=&#8221;55&#8243; parallax_speed_bg=&#8221;1,5&#8243; css_animation=&#8221;fadeInDown&#8221;][vc_column][vc_heading] M\u0130SYONUMUZ VE V\u0130ZYONUMUZ 1994&#8217;ten beri y\u0131llar\u0131 a\u015fan deneyimimizle Sim Mobilya olarak; sekt\u00f6rde m\u00fc\u015fterilerine, \u00e7al\u0131\u015fanlar\u0131na ve&#8230;<\/p>\n","protected":false},"author":1,"featured_media":0,"parent":0,"menu_order":0,"comment_status":"closed","ping_status":"closed","template":"","meta":{"_joinchat":[],"footnotes":""},"class_list":["post-580","page","type-page","status-publish","hentry"],"yoast_head":"<!-- This site is optimized with the Yoast SEO plugin v14.3 - https:\/\/yoast.com\/wordpress\/plugins\/seo\/ -->\n<title>Hakk\u0131m\u0131zda - Sim Mobilya Aksesuar<\/title>\n<meta name=\"robots\" content=\"index, follow\" \/>\n<meta name=\"googlebot\" content=\"index, follow, max-snippet:-1, max-image-preview:large, max-video-preview:-1\" \/>\n<meta name=\"bingbot\" content=\"index, follow, max-snippet:-1, max-image-preview:large, max-video-preview:-1\" \/>\n<link rel=\"canonical\" href=\"http:\/\/www.simmobilyaaksesuar.com\/index.php\/hakkimizda\/\" \/>\n<meta property=\"og:locale\" content=\"tr_TR\" \/>\n<meta property=\"og:type\" content=\"article\" \/>\n<meta property=\"og:title\" content=\"Hakk\u0131m\u0131zda - Sim Mobilya Aksesuar\" \/>\n<meta property=\"og:description\" content=\"[vc_row][vc_column][vc_empty_space][vc_heading title=&#8221;Hakk\u0131m\u0131zda&#8221;][\/vc_heading][\/vc_column][\/vc_row][vc_row full_width=&#8221;stretch_row&#8221; parallax=&#8221;content-moving-fade&#8221; parallax_image=&#8221;55&#8243; parallax_speed_bg=&#8221;1,5&#8243; css_animation=&#8221;fadeInDown&#8221;][vc_column][vc_heading] M\u0130SYONUMUZ VE V\u0130ZYONUMUZ 1994&#8217;ten beri y\u0131llar\u0131 a\u015fan deneyimimizle Sim Mobilya olarak; sekt\u00f6rde m\u00fc\u015fterilerine, \u00e7al\u0131\u015fanlar\u0131na ve...\" \/>\n<meta property=\"og:url\" content=\"http:\/\/www.simmobilyaaksesuar.com\/index.php\/hakkimizda\/\" \/>\n<meta property=\"og:site_name\" content=\"Sim Mobilya Aksesuar\" \/>\n<meta property=\"article:modified_time\" content=\"2020-07-02T19:04:01+00:00\" \/>\n<meta name=\"twitter:card\" content=\"summary_large_image\" \/>\n<script type=\"application\/ld+json\" class=\"yoast-schema-graph\">{\"@context\":\"https:\/\/schema.org\",\"@graph\":[{\"@type\":\"WebSite\",\"@id\":\"http:\/\/www.simmobilyaaksesuar.com\/#website\",\"url\":\"http:\/\/www.simmobilyaaksesuar.com\/\",\"name\":\"Sim Mobilya Aksesuar\",\"description\":\"\",\"potentialAction\":[{\"@type\":\"SearchAction\",\"target\":\"http:\/\/www.simmobilyaaksesuar.com\/?s={search_term_string}\",\"query-input\":\"required name=search_term_string\"}],\"inLanguage\":\"tr\"},{\"@type\":\"WebPage\",\"@id\":\"http:\/\/www.simmobilyaaksesuar.com\/index.php\/hakkimizda\/#webpage\",\"url\":\"http:\/\/www.simmobilyaaksesuar.com\/index.php\/hakkimizda\/\",\"name\":\"Hakk\\u0131m\\u0131zda - Sim Mobilya Aksesuar\",\"isPartOf\":{\"@id\":\"http:\/\/www.simmobilyaaksesuar.com\/#website\"},\"datePublished\":\"2020-06-23T17:07:53+00:00\",\"dateModified\":\"2020-07-02T19:04:01+00:00\",\"inLanguage\":\"tr\",\"potentialAction\":[{\"@type\":\"ReadAction\",\"target\":[\"http:\/\/www.simmobilyaaksesuar.com\/index.php\/hakkimizda\/\"]}]}]}<\/script>\n<!-- \/ Yoast SEO plugin. -->","_links":{"self":[{"href":"http:\/\/www.simmobilyaaksesuar.com\/index.php\/wp-json\/wp\/v2\/pages\/580","targetHints":{"allow":["GET"]}}],"collection":[{"href":"http:\/\/www.simmobilyaaksesuar.com\/index.php\/wp-json\/wp\/v2\/pages"}],"about":[{"href":"http:\/\/www.simmobilyaaksesuar.com\/index.php\/wp-json\/wp\/v2\/types\/page"}],"author":[{"embeddable":true,"href":"http:\/\/www.simmobilyaaksesuar.com\/index.php\/wp-json\/wp\/v2\/users\/1"}],"replies":[{"embeddable":true,"href":"http:\/\/www.simmobilyaaksesuar.com\/index.php\/wp-json\/wp\/v2\/comments?post=580"}],"version-history":[{"count":7,"href":"http:\/\/www.simmobilyaaksesuar.com\/index.php\/wp-json\/wp\/v2\/pages\/580\/revisions"}],"predecessor-version":[{"id":836,"href":"http:\/\/www.simmobilyaaksesuar.com\/index.php\/wp-json\/wp\/v2\/pages\/580\/revisions\/836"}],"wp:attachment":[{"href":"http:\/\/www.simmobilyaaksesuar.com\/index.php\/wp-json\/wp\/v2\/media?parent=580"}],"curies":[{"name":"wp","href":"https:\/\/api.w.org\/{rel}","templated":true}]}}