{"id":27,"date":"2020-06-22T19:18:44","date_gmt":"2020-06-22T19:18:44","guid":{"rendered":"http:\/\/www.simmobilyaaksesuar.com\/?page_id=27"},"modified":"2025-04-10T20:40:30","modified_gmt":"2025-04-10T20:40:30","slug":"iletisim","status":"publish","type":"page","link":"http:\/\/www.simmobilyaaksesuar.com\/index.php\/iletisim\/","title":{"rendered":"\u0130leti\u015fim"},"content":{"rendered":"<p>[vc_row][vc_column][vc_empty_space][vc_heading title=&#8221;\u0130leti\u015fim&#8221;][\/vc_heading][\/vc_column][\/vc_row][vc_row][vc_column][vc_separator color=&#8221;black&#8221; style=&#8221;shadow&#8221; border_width=&#8221;5&#8243;][\/vc_column][\/vc_row][vc_row][vc_column width=&#8221;1\/5&#8243;][vc_icon_shortcode style=&#8221;contact&#8221; icon_fontawesome=&#8221;fas fa-industry&#8221; title=&#8221;Fabrika&#8221;]<\/p>\n<div style=\"text-align: center;\"><span style=\"font-size: 12pt;\"><strong style=\"color: var(--text-color);\">Ere\u011fi Cad. No: 42 \/ 1 Siteler \/ ANKARA &#8211; T\u00dcRK\u0130YE<\/strong><\/span><\/div>\n<p>[\/vc_icon_shortcode][vc_separator color=&#8221;black&#8221; style=&#8221;shadow&#8221; border_width=&#8221;5&#8243;][\/vc_column][vc_column width=&#8221;1\/5&#8243;][vc_icon_shortcode style=&#8221;contact&#8221; icon_fontawesome=&#8221;fas fa-home&#8221; title=&#8221;Showroom&#8221;]<\/p>\n<div style=\"text-align: center;\"><strong><span style=\"font-size: 12pt;\"><span style=\"color: var(--text-color);\">Demirhendek Caddesi No: 168 <\/span><span style=\"color: var(--text-color);\">Siteler \/ ANKARA &#8211; T\u00dcRK\u0130YE<\/span><\/span><\/strong><\/div>\n<p>[\/vc_icon_shortcode][vc_separator color=&#8221;black&#8221; style=&#8221;shadow&#8221; border_width=&#8221;5&#8243;][\/vc_column][vc_column width=&#8221;1\/5&#8243;][vc_icon_shortcode style=&#8221;contact&#8221; icon_fontawesome=&#8221;fas fa-phone-alt&#8221; title=&#8221;Tel &amp; Fax&#8221;]<\/p>\n<p style=\"text-align: center;\"><strong><span style=\"font-size: 12pt;\">0312 348 00 82<\/span><\/strong><\/p>\n<p>[\/vc_icon_shortcode][vc_separator color=&#8221;black&#8221; style=&#8221;shadow&#8221; border_width=&#8221;5&#8243;][\/vc_column][vc_column width=&#8221;1\/5&#8243;][vc_icon_shortcode style=&#8221;contact&#8221; icon_fontawesome=&#8221;fas fa-mobile-alt&#8221; title=&#8221;GSM&#8221;]<\/p>\n<p style=\"text-align: center;\"><span style=\"font-size: 12pt;\"><strong>0532 726 76 06<\/strong><\/span><\/p>\n<p style=\"text-align: center;\"><span style=\"font-size: 12pt;\"><strong>0551 683 28 73<\/strong><\/span><\/p>\n<p>[\/vc_icon_shortcode][vc_separator color=&#8221;black&#8221; style=&#8221;shadow&#8221; border_width=&#8221;5&#8243;][\/vc_column][vc_column width=&#8221;1\/5&#8243;][vc_icon_shortcode style=&#8221;contact&#8221; icon_fontawesome=&#8221;fas fa-envelope&#8221; title=&#8221;e-posta&#8221;]<\/p>\n<div><span style=\"font-size: 12pt;\"><span style=\"font-size: 8pt;\">.<\/span><\/span><span style=\"font-size: 12pt;\"><strong>sim.mobilya@hotmail.com<\/strong><\/span><\/div>\n<div><\/div>\n<div><\/div>\n<div><\/div>\n<div><\/div>\n<div><span style=\"font-size: 8pt;\">.<\/span><\/div>\n<div><span style=\"font-size: 8pt;\">.<\/span><\/div>\n<p>[\/vc_icon_shortcode][vc_separator color=&#8221;black&#8221; style=&#8221;shadow&#8221; border_width=&#8221;5&#8243;][\/vc_column][\/vc_row][vc_row][vc_column width=&#8221;1\/5&#8243;][\/vc_column][vc_column width=&#8221;1\/5&#8243;][\/vc_column][vc_column width=&#8221;1\/5&#8243;][\/vc_column][vc_column width=&#8221;1\/5&#8243;][\/vc_column][vc_column width=&#8221;1\/5&#8243;][\/vc_column][\/vc_row][vc_row desktop_mt=&#8221;margin-lg-10t&#8221; tablets_mt=&#8221;margin-sm-10t&#8221; mobile_mt=&#8221;margin-xs-10t&#8221;][vc_column width=&#8221;1\/3&#8243; desktop_mt=&#8221;margin-lg-20t&#8221; tablets_mt=&#8221;margin-sm-20t&#8221; mobile_mt=&#8221;margin-xs-20t&#8221;]<div role=\"form\" class=\"wpcf7\" id=\"wpcf7-f15-o1\" lang=\"tr-TR\" dir=\"ltr\">\n<div class=\"screen-reader-response\" aria-live=\"polite\"><\/div>\n<form action=\"\/index.php\/wp-json\/wp\/v2\/pages\/27#wpcf7-f15-o1\" method=\"post\" class=\"wpcf7-form\" novalidate=\"novalidate\">\n<div style=\"display: none;\">\n<input type=\"hidden\" name=\"_wpcf7\" value=\"15\" \/>\n<input type=\"hidden\" name=\"_wpcf7_version\" value=\"5.1.9\" \/>\n<input type=\"hidden\" name=\"_wpcf7_locale\" value=\"tr_TR\" \/>\n<input type=\"hidden\" name=\"_wpcf7_unit_tag\" value=\"wpcf7-f15-o1\" \/>\n<input type=\"hidden\" name=\"_wpcf7_container_post\" value=\"0\" \/>\n<\/div>\n<p><label><br \/>\n    <span class=\"wpcf7-form-control-wrap your-name\"><input type=\"text\" name=\"your-name\" value=\"\" size=\"40\" class=\"wpcf7-form-control wpcf7-text wpcf7-validates-as-required\" aria-required=\"true\" aria-invalid=\"false\" placeholder=\"Ad\u0131n\u0131z- Soyad\u0131n\u0131z\" \/><\/span> <\/label><\/p>\n<p><label><br \/>\n    <span class=\"wpcf7-form-control-wrap your-email\"><input type=\"email\" name=\"your-email\" value=\"\" size=\"40\" class=\"wpcf7-form-control wpcf7-text wpcf7-email wpcf7-validates-as-required wpcf7-validates-as-email\" aria-required=\"true\" aria-invalid=\"false\" placeholder=\"e-posta\" \/><\/span> <\/label><\/p>\n<p><label><br \/>\n    <span class=\"wpcf7-form-control-wrap your-subject\"><input type=\"text\" name=\"your-subject\" value=\"\" size=\"40\" class=\"wpcf7-form-control wpcf7-text\" aria-invalid=\"false\" placeholder=\"Konu\" \/><\/span> <\/label><\/p>\n<p><label><br \/>\n    <span class=\"wpcf7-form-control-wrap your-message\"><textarea name=\"your-message\" cols=\"40\" rows=\"10\" class=\"wpcf7-form-control wpcf7-textarea\" aria-invalid=\"false\" placeholder=\"Mesaj\u0131n\u0131z\"><\/textarea><\/span> <\/label><\/p>\n<p><input type=\"submit\" value=\"G\u00d6NDER\" class=\"wpcf7-form-control wpcf7-submit\" \/><\/p>\n<div class=\"wpcf7-response-output wpcf7-display-none\" aria-hidden=\"true\"><\/div><\/form><\/div>[\/vc_column][vc_column width=&#8221;2\/3&#8243; desktop_mt=&#8221;margin-lg-10t&#8221; tablets_mt=&#8221;margin-sm-10t&#8221; mobile_mt=&#8221;margin-xs-10t&#8221;][vc_gmaps link=&#8221;#E-8_JTNDaWZyYW1lJTIwc3JjJTNEJTIyaHR0cHMlM0ElMkYlMkZ3d3cuZ29vZ2xlLmNvbSUyRm1hcHMlMkZlbWJlZCUzRnBiJTNEJTIxMW0xOCUyMTFtMTIlMjExbTMlMjExZDMwNTguNDQ0NzAyNjEyMTYlMjEyZDMyLjkwMzk2MTIxNTY5NjM0JTIxM2QzOS45NTM4MDkwOTE1ODYwMSUyMTJtMyUyMTFmMCUyMTJmMCUyMTNmMCUyMTNtMiUyMTFpMTAyNCUyMTJpNzY4JTIxNGYxMy4xJTIxM20zJTIxMW0yJTIxMXMweDE0ZDM1MjBlZTQwYmY1YzklMjUzQTB4NzNhYzUxNzEzNWVhNWY1MyUyMTJzJTI1QzMlMjU5Nm5kZXIlMkJNYWhhbGxlc2klMjUyQyUyQkRlbWlyaGVuZGVrJTJCQ2QuJTJCTm8lMjUzQTE2OCUyNTJDJTJCMDYxNjUlMkJBbHQlMjVDNCUyNUIxbmRhJTI1QzQlMjU5RiUyNTJGQW5rYXJhJTIxNWUwJTIxM20yJTIxMXN0ciUyMTJzdHIlMjE0djE1NTY1MjQ4MTU0MjclMjE1bTIlMjExc3RyJTIxMnN0ciUyMiUyMHdpZHRoJTNEJTIyNDAwJTIyJTIwaGVpZ2h0JTNEJTIyNDUwJTIyJTIwZnJhbWVib3JkZXIlM0QlMjIwJTIyJTIwc3R5bGUlM0QlMjJib3JkZXIlM0EwJTIyJTIwYWxsb3dmdWxsc2NyZWVuJTNFJTNDJTJGaWZyYW1lJTNF&#8221; css=&#8221;.vc_custom_1593130801758{margin-top: 10px !important;}&#8221;][\/vc_column][\/vc_row]<\/p>\n","protected":false},"excerpt":{"rendered":"<p>[vc_row][vc_column][vc_empty_space][vc_heading title=&#8221;\u0130leti\u015fim&#8221;][\/vc_heading][\/vc_column][\/vc_row][vc_row][vc_column][vc_separator color=&#8221;black&#8221; style=&#8221;shadow&#8221; border_width=&#8221;5&#8243;][\/vc_column][\/vc_row][vc_row][vc_column width=&#8221;1\/5&#8243;][vc_icon_shortcode style=&#8221;contact&#8221; icon_fontawesome=&#8221;fas fa-industry&#8221; title=&#8221;Fabrika&#8221;] Ere\u011fi Cad. No: 42 \/ 1 Siteler \/ ANKARA &#8211; T\u00dcRK\u0130YE [\/vc_icon_shortcode][vc_separator&#8230;<\/p>\n","protected":false},"author":1,"featured_media":0,"parent":0,"menu_order":0,"comment_status":"closed","ping_status":"closed","template":"","meta":{"_joinchat":[],"footnotes":""},"class_list":["post-27","page","type-page","status-publish","hentry"],"yoast_head":"<!-- This site is optimized with the Yoast SEO plugin v14.3 - https:\/\/yoast.com\/wordpress\/plugins\/seo\/ -->\n<title>\u0130leti\u015fim - Sim Mobilya Aksesuar<\/title>\n<meta name=\"robots\" content=\"index, follow\" \/>\n<meta name=\"googlebot\" content=\"index, follow, max-snippet:-1, max-image-preview:large, max-video-preview:-1\" \/>\n<meta name=\"bingbot\" content=\"index, follow, max-snippet:-1, max-image-preview:large, max-video-preview:-1\" \/>\n<link rel=\"canonical\" href=\"http:\/\/www.simmobilyaaksesuar.com\/index.php\/iletisim\/\" \/>\n<meta property=\"og:locale\" content=\"tr_TR\" \/>\n<meta property=\"og:type\" content=\"article\" \/>\n<meta property=\"og:title\" content=\"\u0130leti\u015fim - Sim Mobilya Aksesuar\" \/>\n<meta property=\"og:description\" content=\"[vc_row][vc_column][vc_empty_space][vc_heading title=&#8221;\u0130leti\u015fim&#8221;][\/vc_heading][\/vc_column][\/vc_row][vc_row][vc_column][vc_separator color=&#8221;black&#8221; style=&#8221;shadow&#8221; border_width=&#8221;5&#8243;][\/vc_column][\/vc_row][vc_row][vc_column width=&#8221;1\/5&#8243;][vc_icon_shortcode style=&#8221;contact&#8221; icon_fontawesome=&#8221;fas fa-industry&#8221; title=&#8221;Fabrika&#8221;] Ere\u011fi Cad. No: 42 \/ 1 Siteler \/ ANKARA &#8211; T\u00dcRK\u0130YE [\/vc_icon_shortcode][vc_separator...\" \/>\n<meta property=\"og:url\" content=\"http:\/\/www.simmobilyaaksesuar.com\/index.php\/iletisim\/\" \/>\n<meta property=\"og:site_name\" content=\"Sim Mobilya Aksesuar\" \/>\n<meta property=\"article:modified_time\" content=\"2025-04-10T20:40:30+00:00\" \/>\n<meta name=\"twitter:card\" content=\"summary_large_image\" \/>\n<script type=\"application\/ld+json\" class=\"yoast-schema-graph\">{\"@context\":\"https:\/\/schema.org\",\"@graph\":[{\"@type\":\"WebSite\",\"@id\":\"http:\/\/www.simmobilyaaksesuar.com\/#website\",\"url\":\"http:\/\/www.simmobilyaaksesuar.com\/\",\"name\":\"Sim Mobilya Aksesuar\",\"description\":\"\",\"potentialAction\":[{\"@type\":\"SearchAction\",\"target\":\"http:\/\/www.simmobilyaaksesuar.com\/?s={search_term_string}\",\"query-input\":\"required name=search_term_string\"}],\"inLanguage\":\"tr\"},{\"@type\":\"WebPage\",\"@id\":\"http:\/\/www.simmobilyaaksesuar.com\/index.php\/iletisim\/#webpage\",\"url\":\"http:\/\/www.simmobilyaaksesuar.com\/index.php\/iletisim\/\",\"name\":\"\\u0130leti\\u015fim - Sim Mobilya Aksesuar\",\"isPartOf\":{\"@id\":\"http:\/\/www.simmobilyaaksesuar.com\/#website\"},\"datePublished\":\"2020-06-22T19:18:44+00:00\",\"dateModified\":\"2025-04-10T20:40:30+00:00\",\"inLanguage\":\"tr\",\"potentialAction\":[{\"@type\":\"ReadAction\",\"target\":[\"http:\/\/www.simmobilyaaksesuar.com\/index.php\/iletisim\/\"]}]}]}<\/script>\n<!-- \/ Yoast SEO plugin. -->","_links":{"self":[{"href":"http:\/\/www.simmobilyaaksesuar.com\/index.php\/wp-json\/wp\/v2\/pages\/27","targetHints":{"allow":["GET"]}}],"collection":[{"href":"http:\/\/www.simmobilyaaksesuar.com\/index.php\/wp-json\/wp\/v2\/pages"}],"about":[{"href":"http:\/\/www.simmobilyaaksesuar.com\/index.php\/wp-json\/wp\/v2\/types\/page"}],"author":[{"embeddable":true,"href":"http:\/\/www.simmobilyaaksesuar.com\/index.php\/wp-json\/wp\/v2\/users\/1"}],"replies":[{"embeddable":true,"href":"http:\/\/www.simmobilyaaksesuar.com\/index.php\/wp-json\/wp\/v2\/comments?post=27"}],"version-history":[{"count":14,"href":"http:\/\/www.simmobilyaaksesuar.com\/index.php\/wp-json\/wp\/v2\/pages\/27\/revisions"}],"predecessor-version":[{"id":1197,"href":"http:\/\/www.simmobilyaaksesuar.com\/index.php\/wp-json\/wp\/v2\/pages\/27\/revisions\/1197"}],"wp:attachment":[{"href":"http:\/\/www.simmobilyaaksesuar.com\/index.php\/wp-json\/wp\/v2\/media?parent=27"}],"curies":[{"name":"wp","href":"https:\/\/api.w.org\/{rel}","templated":true}]}}