{"id":23,"date":"2020-06-22T19:17:51","date_gmt":"2020-06-22T19:17:51","guid":{"rendered":"http:\/\/www.simmobilyaaksesuar.com\/?page_id=23"},"modified":"2025-04-10T20:23:10","modified_gmt":"2025-04-10T20:23:10","slug":"anasayfa","status":"publish","type":"page","link":"http:\/\/www.simmobilyaaksesuar.com\/","title":{"rendered":"Anasayfa"},"content":{"rendered":"<p>[vc_row desktop_mt=&#8221;margin-lg-100t&#8221; tablets_mt=&#8221;margin-sm-50t&#8221; mobile_mt=&#8221;margin-xs-40t&#8221;][vc_column][\/vc_column][\/vc_row][vc_row][vc_column width=&#8221;1\/3&#8243;][vc_hoverbox image=&#8221;1190&#8243; primary_title=&#8221;&#8221; hover_title=&#8221;Mutfak Masa Sandalye Tak\u0131mlar\u0131&#8221; hover_title_font_container=&#8221;color:%23707070&#8243; hover_title_google_fonts=&#8221;font_family:Open%20Sans%3A300%2C300italic%2Cregular%2Citalic%2C600%2C600italic%2C700%2C700italic%2C800%2C800italic|font_style:800%20bold%20italic%3A800%3Aitalic&#8221; shape=&#8221;square&#8221; hover_background_color=&#8221;white&#8221; hover_btn_title=&#8221;\u00dcr\u00fcnlerimizi \u0130ncelemek \u0130\u00e7in T\u0131klat\u0131n&#8221; hover_btn_style=&#8221;outline&#8221; hover_btn_shape=&#8221;round&#8221; hover_btn_color=&#8221;black&#8221; css_animation=&#8221;none&#8221; use_custom_fonts_primary_title=&#8221;true&#8221; use_custom_fonts_hover_title=&#8221;true&#8221; hover_add_button=&#8221;true&#8221; css=&#8221;.vc_custom_1744316311101{background-color: #707070 !important;}&#8221; hover_btn_link=&#8221;url:http%3A%2F%2Fwww.simmobilyaaksesuar.com%2Findex.php%2Fmutfak-masa-sandalye-takimlari%2F|title:Mutfak%20Masa%20Sandalye%20Tak%C4%B1mlar%C4%B1||&#8221;][\/vc_hoverbox][vc_separator color=&#8221;black&#8221; style=&#8221;shadow&#8221; border_width=&#8221;5&#8243;][\/vc_column][vc_column width=&#8221;1\/3&#8243;][vc_hoverbox image=&#8221;1191&#8243; primary_title=&#8221;&#8221; hover_title=&#8221;Masalar ve Sandalyeler&#8221; hover_title_font_container=&#8221;color:%23707070&#8243; hover_title_google_fonts=&#8221;font_family:Open%20Sans%3A300%2C300italic%2Cregular%2Citalic%2C600%2C600italic%2C700%2C700italic%2C800%2C800italic|font_style:800%20bold%20italic%3A800%3Aitalic&#8221; shape=&#8221;square&#8221; hover_background_color=&#8221;white&#8221; hover_btn_title=&#8221;\u00dcr\u00fcnlerimizi \u0130ncelemek \u0130\u00e7in T\u0131klat\u0131n&#8221; hover_btn_style=&#8221;outline&#8221; hover_btn_shape=&#8221;round&#8221; hover_btn_color=&#8221;black&#8221; use_custom_fonts_primary_title=&#8221;true&#8221; use_custom_fonts_hover_title=&#8221;true&#8221; hover_add_button=&#8221;true&#8221; css=&#8221;.vc_custom_1744316538306{background-color: #707070 !important;}&#8221; hover_btn_link=&#8221;url:http%3A%2F%2Fwww.simmobilyaaksesuar.com%2Findex.php%2Fmasalar%2F|title:Masalar%20ve%20Sehpalar||&#8221;][\/vc_hoverbox][vc_separator color=&#8221;black&#8221; style=&#8221;shadow&#8221; border_width=&#8221;5&#8243;][\/vc_column][vc_column width=&#8221;1\/3&#8243;][vc_hoverbox image=&#8221;1192&#8243; primary_title=&#8221;&#8221; hover_title=&#8221;Sandalyeler&#8221; hover_title_font_container=&#8221;color:%23707070&#8243; hover_title_google_fonts=&#8221;font_family:Open%20Sans%3A300%2C300italic%2Cregular%2Citalic%2C600%2C600italic%2C700%2C700italic%2C800%2C800italic|font_style:800%20bold%20italic%3A800%3Aitalic&#8221; shape=&#8221;square&#8221; hover_background_color=&#8221;white&#8221; hover_btn_title=&#8221;\u00dcr\u00fcnlerimizi \u0130ncelemek \u0130\u00e7in T\u0131klat\u0131n&#8221; hover_btn_style=&#8221;outline&#8221; hover_btn_shape=&#8221;round&#8221; hover_btn_color=&#8221;black&#8221; use_custom_fonts_primary_title=&#8221;true&#8221; use_custom_fonts_hover_title=&#8221;true&#8221; hover_add_button=&#8221;true&#8221; css=&#8221;.vc_custom_1744316629328{background-color: #707070 !important;}&#8221; hover_btn_link=&#8221;url:http%3A%2F%2Fwww.simmobilyaaksesuar.com%2Findex.php%2Fsandalyeler%2F|title:Sandalyeler||&#8221;][\/vc_hoverbox][vc_separator color=&#8221;black&#8221; style=&#8221;shadow&#8221; border_width=&#8221;5&#8243;][\/vc_column][\/vc_row][vc_row full_width=&#8221;stretch_row&#8221; parallax=&#8221;content-moving&#8221; parallax_image=&#8221;55&#8243; css_animation=&#8221;fadeInDownBig&#8221;][vc_column][vc_heading style=&#8221;White&#8221;]<\/p>\n<h4><span style=\"font-size: 18pt;\">Siz isteyin, \u0130stedi\u011finiz de\u011fi\u015fiklikleri sizin i\u00e7in yapal\u0131m.<\/span><\/h4>\n<h4><span style=\"font-size: 18pt;\">Size ve evinize \u00f6zel, istedi\u011finiz \u00f6l\u00e7\u00fc ve modelde k\u00f6\u015fe ve koltuk tak\u0131mlar\u0131 \u00fcretimi yapmaktay\u0131z.<\/span><\/h4>\n<p>[\/vc_heading][\/vc_column][\/vc_row][vc_row][vc_column][vc_message message_box_style=&#8221;solid-icon&#8221; style=&#8221;square&#8221; message_box_color=&#8221;grey&#8221;]<\/p>\n<h1><span style=\"font-family: 'arial black', sans-serif;\"><strong><span style=\"font-size: 12pt;\">\u0130malat ile ilgili hatalar 2 y\u0131l s\u00fcreyle garantimiz alt\u0131ndad\u0131r.<\/span><\/strong><\/span><\/h1>\n<p>[\/vc_message][\/vc_column][\/vc_row]<\/p>\n","protected":false},"excerpt":{"rendered":"<p>[vc_row desktop_mt=&#8221;margin-lg-100t&#8221; tablets_mt=&#8221;margin-sm-50t&#8221; mobile_mt=&#8221;margin-xs-40t&#8221;][vc_column][\/vc_column][\/vc_row][vc_row][vc_column width=&#8221;1\/3&#8243;][vc_hoverbox image=&#8221;1190&#8243; primary_title=&#8221;&#8221; hover_title=&#8221;Mutfak Masa Sandalye Tak\u0131mlar\u0131&#8221; hover_title_font_container=&#8221;color:%23707070&#8243; hover_title_google_fonts=&#8221;font_family:Open%20Sans%3A300%2C300italic%2Cregular%2Citalic%2C600%2C600italic%2C700%2C700italic%2C800%2C800italic|font_style:800%20bold%20italic%3A800%3Aitalic&#8221; shape=&#8221;square&#8221; hover_background_color=&#8221;white&#8221; hover_btn_title=&#8221;\u00dcr\u00fcnlerimizi \u0130ncelemek \u0130\u00e7in T\u0131klat\u0131n&#8221; hover_btn_style=&#8221;outline&#8221; hover_btn_shape=&#8221;round&#8221; hover_btn_color=&#8221;black&#8221;&#8230;<\/p>\n","protected":false},"author":1,"featured_media":0,"parent":0,"menu_order":0,"comment_status":"closed","ping_status":"closed","template":"","meta":{"_joinchat":[],"footnotes":""},"class_list":["post-23","page","type-page","status-publish","hentry"],"yoast_head":"<!-- This site is optimized with the Yoast SEO plugin v14.3 - https:\/\/yoast.com\/wordpress\/plugins\/seo\/ -->\n<title>Anasayfa - Sim Mobilya Aksesuar<\/title>\n<meta name=\"robots\" content=\"index, follow\" \/>\n<meta name=\"googlebot\" content=\"index, follow, max-snippet:-1, max-image-preview:large, max-video-preview:-1\" \/>\n<meta name=\"bingbot\" content=\"index, follow, max-snippet:-1, max-image-preview:large, max-video-preview:-1\" \/>\n<link rel=\"canonical\" href=\"http:\/\/www.simmobilyaaksesuar.com\/\" \/>\n<meta property=\"og:locale\" content=\"tr_TR\" \/>\n<meta property=\"og:type\" content=\"article\" \/>\n<meta property=\"og:title\" content=\"Anasayfa - Sim Mobilya Aksesuar\" \/>\n<meta property=\"og:description\" content=\"[vc_row desktop_mt=&#8221;margin-lg-100t&#8221; tablets_mt=&#8221;margin-sm-50t&#8221; mobile_mt=&#8221;margin-xs-40t&#8221;][vc_column][\/vc_column][\/vc_row][vc_row][vc_column width=&#8221;1\/3&#8243;][vc_hoverbox image=&#8221;1190&#8243; primary_title=&#8221;&#8221; hover_title=&#8221;Mutfak Masa Sandalye Tak\u0131mlar\u0131&#8221; hover_title_font_container=&#8221;color:%23707070&#8243; hover_title_google_fonts=&#8221;font_family:Open%20Sans%3A300%2C300italic%2Cregular%2Citalic%2C600%2C600italic%2C700%2C700italic%2C800%2C800italic|font_style:800%20bold%20italic%3A800%3Aitalic&#8221; shape=&#8221;square&#8221; hover_background_color=&#8221;white&#8221; hover_btn_title=&#8221;\u00dcr\u00fcnlerimizi \u0130ncelemek \u0130\u00e7in T\u0131klat\u0131n&#8221; hover_btn_style=&#8221;outline&#8221; hover_btn_shape=&#8221;round&#8221; hover_btn_color=&#8221;black&#8221;...\" \/>\n<meta property=\"og:url\" content=\"http:\/\/www.simmobilyaaksesuar.com\/\" \/>\n<meta property=\"og:site_name\" content=\"Sim Mobilya Aksesuar\" \/>\n<meta property=\"article:modified_time\" content=\"2025-04-10T20:23:10+00:00\" \/>\n<meta name=\"twitter:card\" content=\"summary_large_image\" \/>\n<script type=\"application\/ld+json\" class=\"yoast-schema-graph\">{\"@context\":\"https:\/\/schema.org\",\"@graph\":[{\"@type\":\"WebSite\",\"@id\":\"http:\/\/www.simmobilyaaksesuar.com\/#website\",\"url\":\"http:\/\/www.simmobilyaaksesuar.com\/\",\"name\":\"Sim Mobilya Aksesuar\",\"description\":\"\",\"potentialAction\":[{\"@type\":\"SearchAction\",\"target\":\"http:\/\/www.simmobilyaaksesuar.com\/?s={search_term_string}\",\"query-input\":\"required name=search_term_string\"}],\"inLanguage\":\"tr\"},{\"@type\":\"WebPage\",\"@id\":\"http:\/\/www.simmobilyaaksesuar.com\/#webpage\",\"url\":\"http:\/\/www.simmobilyaaksesuar.com\/\",\"name\":\"Anasayfa - Sim Mobilya Aksesuar\",\"isPartOf\":{\"@id\":\"http:\/\/www.simmobilyaaksesuar.com\/#website\"},\"datePublished\":\"2020-06-22T19:17:51+00:00\",\"dateModified\":\"2025-04-10T20:23:10+00:00\",\"inLanguage\":\"tr\",\"potentialAction\":[{\"@type\":\"ReadAction\",\"target\":[\"http:\/\/www.simmobilyaaksesuar.com\/\"]}]}]}<\/script>\n<!-- \/ Yoast SEO plugin. -->","_links":{"self":[{"href":"http:\/\/www.simmobilyaaksesuar.com\/index.php\/wp-json\/wp\/v2\/pages\/23","targetHints":{"allow":["GET"]}}],"collection":[{"href":"http:\/\/www.simmobilyaaksesuar.com\/index.php\/wp-json\/wp\/v2\/pages"}],"about":[{"href":"http:\/\/www.simmobilyaaksesuar.com\/index.php\/wp-json\/wp\/v2\/types\/page"}],"author":[{"embeddable":true,"href":"http:\/\/www.simmobilyaaksesuar.com\/index.php\/wp-json\/wp\/v2\/users\/1"}],"replies":[{"embeddable":true,"href":"http:\/\/www.simmobilyaaksesuar.com\/index.php\/wp-json\/wp\/v2\/comments?post=23"}],"version-history":[{"count":10,"href":"http:\/\/www.simmobilyaaksesuar.com\/index.php\/wp-json\/wp\/v2\/pages\/23\/revisions"}],"predecessor-version":[{"id":1193,"href":"http:\/\/www.simmobilyaaksesuar.com\/index.php\/wp-json\/wp\/v2\/pages\/23\/revisions\/1193"}],"wp:attachment":[{"href":"http:\/\/www.simmobilyaaksesuar.com\/index.php\/wp-json\/wp\/v2\/media?parent=23"}],"curies":[{"name":"wp","href":"https:\/\/api.w.org\/{rel}","templated":true}]}}